{"id":50,"date":"2023-02-01T16:04:49","date_gmt":"2023-02-01T16:04:49","guid":{"rendered":"https:\/\/fimlqmt.cluster027.hosting.ovh.net\/sensual\/?page_id=50"},"modified":"2023-02-01T16:08:38","modified_gmt":"2023-02-01T16:08:38","slug":"opinie","status":"publish","type":"page","link":"https:\/\/sensual.lukasznowak.net\/index.php\/opinie\/","title":{"rendered":"opinie"},"content":{"rendered":"<p>[et_pb_section fb_built=&#8221;1&#8243; fullwidth=&#8221;on&#8221; theme_builder_area=&#8221;post_content&#8221; _builder_version=&#8221;4.19.5&#8243; _module_preset=&#8221;default&#8221; height=&#8221;800px&#8221; hover_enabled=&#8221;0&#8243; sticky_enabled=&#8221;0&#8243; bottom_divider_style=&#8221;asymmetric4&#8243; bottom_divider_color=&#8221;#FFFFFF&#8221;][et_pb_fullwidth_header _builder_version=&#8221;4.19.5&#8243; _module_preset=&#8221;default&#8221; theme_builder_area=&#8221;post_content&#8221; title_text=&#8221;sesja 097&#8243; background_image=&#8221;http:\/\/fimlqmt.cluster027.hosting.ovh.net\/sensual\/wp-content\/uploads\/2023\/01\/sesja-097.jpg&#8221; hover_enabled=&#8221;0&#8243; sticky_enabled=&#8221;0&#8243; height=&#8221;800px&#8221;]<\/p>\n<p style=\"text-align: right;\"><span style=\"font-size: 21px;\">Zobacz jakie opinie zostawi\u0142y po sobie osoby kt\u00f3re<\/span><\/p>\n<p style=\"text-align: right;\"><span style=\"font-size: 21px;\"> zaufa\u0142y mi i zdecydowa\u0142y si\u0119 stan\u0105\u0107 przed obiektywem<\/span><\/p>\n<p style=\"text-align: right;\">Je\u017celi chcesz do\u0142\u0105czy\u0107 do tego grona zapraszam do kontaktu \ud83d\ude42<\/p>\n<p style=\"text-align: right;\">\u0141ukasz<\/p>\n<p>[\/et_pb_fullwidth_header][\/et_pb_section][et_pb_section fb_built=&#8221;1&#8243; _builder_version=&#8221;4.19.5&#8243; _module_preset=&#8221;default&#8221; global_colors_info=&#8221;{}&#8221;][et_pb_row column_structure=&#8221;1_2,1_2&#8243; _builder_version=&#8221;4.19.5&#8243; _module_preset=&#8221;default&#8221; global_colors_info=&#8221;{}&#8221;][et_pb_column type=&#8221;1_2&#8243; _builder_version=&#8221;4.19.5&#8243; _module_preset=&#8221;default&#8221; global_colors_info=&#8221;{}&#8221;][et_pb_testimonial author=&#8221;mademoiselle_la&#8221; job_title=&#8221;modelka&#8221; portrait_url=&#8221;http:\/\/fimlqmt.cluster027.hosting.ovh.net\/sensual\/wp-content\/uploads\/2023\/01\/sensualna_sesja_kobieca_lukasz-nowak_fotografia-tarnow_0465-300&#215;200.jpg&#8221; _builder_version=&#8221;4.19.5&#8243; _module_preset=&#8221;default&#8221; global_colors_info=&#8221;{}&#8221;]<\/p>\n<p>Praca z \u0141ukaszem to czysta przyjemno\u015b\u0107. Zaczynaj\u0105c od komunikacji na pocz\u0105tku a\u017c do momentu samej sesji. Wszystko sprawnie i dok\u0142adnie ustalone, praca w bardzo przyjemnej atmosferze. Bardzo zdolny fotograf, ma super poczucie humoru i podej\u015bcie do modelki, mo\u017cna si\u0119 odpr\u0119\u017cy\u0107 i cieszy\u0107 sesj\u0105 \ud83d\ude42 Efekty pi\u0119kne! Potrafi uchwyci\u0107 rewelacyjne kadry, ma dryg do tego co robi bez dw\u00f3ch zda\u0144!<\/p>\n<p>[\/et_pb_testimonial][et_pb_testimonial author=&#8221;Andzia&#8221; job_title=&#8221;modelka \/ MUA&#8221; portrait_url=&#8221;http:\/\/fimlqmt.cluster027.hosting.ovh.net\/sensual\/wp-content\/uploads\/2023\/02\/nggallery_import\/sensualna_sesja_kobieca_lukasz-nowak_fotografia-tarnow_0968-300&#215;300.jpg&#8221; _builder_version=&#8221;4.19.5&#8243; _module_preset=&#8221;default&#8221; global_colors_info=&#8221;{}&#8221;]<\/p>\n<p>Sesje z \u0141ukaszem to \u015bwietnie sp\u0119dzony czas w super atmosferze. Otwarty na pomys\u0142y i jednocze\u015bnie skoncentrowany na pracy. Szczerze polecam \ud83d\ude00<\/p>\n<p>[\/et_pb_testimonial][et_pb_testimonial author=&#8221;Anna&#8221; job_title=&#8221;modelka&#8221; portrait_url=&#8221;http:\/\/fimlqmt.cluster027.hosting.ovh.net\/sensual\/wp-content\/uploads\/2023\/02\/nggallery_import\/sensualna_sesja_kobieca_lukasz-nowak_fotografia-tarnow_1123-300&#215;200.jpg&#8221; _builder_version=&#8221;4.19.5&#8243; _module_preset=&#8221;default&#8221; global_colors_info=&#8221;{}&#8221;]<\/p>\n<p>Polecam tego fotografa. Ma du\u017ce do\u015bwiadczenie i oko&nbsp;<span class=\"_5mfr\"><span class=\"_6qdm\">?<\/span><\/span> do zdj\u0119\u0107&nbsp;&nbsp;<span class=\"_47e3 _5mfr\" title=\"Emotikon smile\"><img loading=\"lazy\" decoding=\"async\" class=\"img\" role=\"presentation\" src=\"https:\/\/static.xx.fbcdn.net\/images\/emoji.php\/v9\/t4c\/1\/16\/1f642.png\" alt=\"\" width=\"16\" height=\"16\"><span class=\"_7oe\" aria-hidden=\"true\">\ud83d\ude42<\/span><\/span><br \/>Sesje fotograficzne przebiegaj\u0105 w przyjaznej atmosferze, jest zabawnie i bezstresowo. \u0141ukasz jest punktualny i cierpliwy. Mia\u0142am okazj\u0119 kilka razy stan\u0105\u0107 przed Jego obiektywem i za ka\u017cdym razem by\u0142am bardzo zadowolona ze zdj\u0119\u0107.<\/p>\n<p>[\/et_pb_testimonial][et_pb_testimonial author=&#8221;Klaudia&#8221; job_title=&#8221;modelka&#8221; portrait_url=&#8221;http:\/\/fimlqmt.cluster027.hosting.ovh.net\/sensual\/wp-content\/uploads\/2023\/02\/nggallery_import\/sensualna_sesja_kobieca_lukasz-nowak_fotografia-tarnow_1208-300&#215;201.jpg&#8221; _builder_version=&#8221;4.19.5&#8243; _module_preset=&#8221;default&#8221; global_colors_info=&#8221;{}&#8221;]<\/p>\n<div id=\"js_kw5\" class=\"_5pbx userContent _3576\" data-testid=\"post_message\" data-ft=\"{&quot;tn&quot;:&quot;K&quot;}\">\n<p>Rewelacja! Pe\u0142en profesjonalizm, pi\u0119kne zdj\u0119cia i mi\u0142a atmosfera podczas sesji, jestem zachwycona efektami! Jak najbardziej polecam \ud83d\ude42<\/p>\n<\/div>\n<p>[\/et_pb_testimonial][\/et_pb_column][et_pb_column type=&#8221;1_2&#8243; _builder_version=&#8221;4.19.5&#8243; _module_preset=&#8221;default&#8221; global_colors_info=&#8221;{}&#8221;][et_pb_testimonial author=&#8221;Weronika&#8221; job_title=&#8221;modelka&#8221; portrait_url=&#8221;http:\/\/fimlqmt.cluster027.hosting.ovh.net\/sensual\/wp-content\/uploads\/2023\/02\/nggallery_import\/sensualna_sesja_kobieca_lukasz-nowak_fotografia-tarnow_0580-300&#215;200.jpg&#8221; _builder_version=&#8221;4.19.5&#8243; _module_preset=&#8221;default&#8221; global_colors_info=&#8221;{}&#8221;]<\/p>\n<p>\u0141ukasz to pe\u0142en profesionalista! Na sesji wprowadza cudown\u0105 atmosfer\u0119 jest bardzo mi\u0142y i ma g\u0142ow\u0119 pe\u0142na pomys\u0142\u00f3w! Polecam go w 100000% \u2764\ufe0f<\/p>\n<p>[\/et_pb_testimonial][et_pb_testimonial author=&#8221;Justyna&#8221; job_title=&#8221;modelka&#8221; portrait_url=&#8221;http:\/\/fimlqmt.cluster027.hosting.ovh.net\/sensual\/wp-content\/uploads\/2023\/02\/nggallery_import\/sensualna_sesja_kobieca_lukasz-nowak_fotografia-tarnow_0989-300&#215;200.jpg&#8221; _builder_version=&#8221;4.19.5&#8243; _module_preset=&#8221;default&#8221; global_colors_info=&#8221;{}&#8221;]<\/p>\n<p>Polecam \ud83d\ude42<br \/>Otrzyma\u0142am ciekawe kadry, takie filmowe, jestem bardzo zadowolona. Dodatkowo \u0141ukasz to sympatyczna osoba \ud83d\ude42<\/p>\n<p>[\/et_pb_testimonial][et_pb_testimonial author=&#8221;Paulina&#8221; job_title=&#8221;modelka&#8221; portrait_url=&#8221;http:\/\/fimlqmt.cluster027.hosting.ovh.net\/sensual\/wp-content\/uploads\/2023\/02\/nggallery_import\/sensualna_sesja_kobieca_lukasz-nowak_fotografia-tarnow_1098-300&#215;200.jpg&#8221; _builder_version=&#8221;4.19.5&#8243; _module_preset=&#8221;default&#8221; global_colors_info=&#8221;{}&#8221;]<\/p>\n<p>Baaardzo polecam sesje u \u0141ukasza!<br \/>Fotograf pe\u0142en profesjonalizmu i pomys\u0142o\u0301w. Poczuciem humoru potrafi roz\u0142adowac\u0301 atmosfere\u0328 i zapominacie, z\u0307e stoicie przed obiektywem.?<br \/>Do kaz\u0307dego klienta podchodzi indywidualnie &#8211; potrafi doradzic\u0301 w kwestii pozowania i przede wszystkim s\u0142ucha drugiej osoby, by jak najlepiej spe\u0142nic\u0301 jej oczekiwania. Moz\u0307ecie byc\u0301 pewni, z\u0307e nie wypus\u0301ci z sesji nikogo niezadowolonego z kon\u0301cowego efektu!?<\/p>\n<p>[\/et_pb_testimonial][et_pb_testimonial author=&#8221;Sabina&#8221; job_title=&#8221;modelka&#8221; portrait_url=&#8221;http:\/\/fimlqmt.cluster027.hosting.ovh.net\/sensual\/wp-content\/uploads\/2023\/02\/DSCF2438-Edit-Edit-231&#215;300.jpg&#8221; _builder_version=&#8221;4.19.5&#8243; _module_preset=&#8221;default&#8221; global_colors_info=&#8221;{}&#8221;]<\/p>\n<p class=\"p1\">Z \u0141ukaszem robilis\u0301my razem sesje sportowo-taneczna\u0328. Niesamowicie konkretny, kreatywny, kontaktowy i sympatyczny fotograf. Z cierpliwos\u0301cia\u0328 s\u0142ucha oczekiwan\u0301, ale takz\u0307e proponuje swoje rozwia\u0328zania. Pe\u0142en profesjonalizm; s\u0301wietna, niekre\u0328puja\u0328ca atmosfera podczas sesji i pie\u0328kne efekty wsp\u00f3\u0142pracy<\/p>\n<p>[\/et_pb_testimonial][\/et_pb_column][\/et_pb_row][\/et_pb_section]<\/p>\n","protected":false},"excerpt":{"rendered":"<p>Zobacz jakie opinie zostawi\u0142y po sobie osoby kt\u00f3re zaufa\u0142y mi i zdecydowa\u0142y si\u0119 stan\u0105\u0107 przed obiektywem Je\u017celi chcesz do\u0142\u0105czy\u0107 do tego grona zapraszam do kontaktu \ud83d\ude42 \u0141ukaszPraca z \u0141ukaszem to czysta przyjemno\u015b\u0107. Zaczynaj\u0105c od komunikacji na pocz\u0105tku a\u017c do momentu samej sesji. Wszystko sprawnie i dok\u0142adnie ustalone, praca w bardzo przyjemnej atmosferze. Bardzo zdolny fotograf, [&hellip;]<\/p>\n","protected":false},"author":1,"featured_media":0,"parent":0,"menu_order":0,"comment_status":"closed","ping_status":"closed","template":"","meta":{"_et_pb_use_builder":"on","_et_pb_old_content":"","_et_gb_content_width":"","ngg_post_thumbnail":0,"footnotes":""},"class_list":["post-50","page","type-page","status-publish","hentry"],"_links":{"self":[{"href":"https:\/\/sensual.lukasznowak.net\/index.php\/wp-json\/wp\/v2\/pages\/50","targetHints":{"allow":["GET"]}}],"collection":[{"href":"https:\/\/sensual.lukasznowak.net\/index.php\/wp-json\/wp\/v2\/pages"}],"about":[{"href":"https:\/\/sensual.lukasznowak.net\/index.php\/wp-json\/wp\/v2\/types\/page"}],"author":[{"embeddable":true,"href":"https:\/\/sensual.lukasznowak.net\/index.php\/wp-json\/wp\/v2\/users\/1"}],"replies":[{"embeddable":true,"href":"https:\/\/sensual.lukasznowak.net\/index.php\/wp-json\/wp\/v2\/comments?post=50"}],"version-history":[{"count":7,"href":"https:\/\/sensual.lukasznowak.net\/index.php\/wp-json\/wp\/v2\/pages\/50\/revisions"}],"predecessor-version":[{"id":611,"href":"https:\/\/sensual.lukasznowak.net\/index.php\/wp-json\/wp\/v2\/pages\/50\/revisions\/611"}],"wp:attachment":[{"href":"https:\/\/sensual.lukasznowak.net\/index.php\/wp-json\/wp\/v2\/media?parent=50"}],"curies":[{"name":"wp","href":"https:\/\/api.w.org\/{rel}","templated":true}]}}